{"id":321,"date":"2023-11-28T07:25:33","date_gmt":"2023-11-28T06:25:33","guid":{"rendered":"https:\/\/indeks.pk.edu.pl\/?page_id=321"},"modified":"2023-11-28T07:25:33","modified_gmt":"2023-11-28T06:25:33","slug":"nagrody-w-konkursie","status":"publish","type":"page","link":"https:\/\/indeks.pk.edu.pl\/?page_id=321","title":{"rendered":"Nagrody w Konkursie"},"content":{"rendered":"\n<h4 class=\"wp-block-heading\"><em>Ile punkt\u00f3w otrzymuj\u0105 poszczeg\u00f3lni laureaci?<\/em><\/h4>\n\n\n\n<h4 class=\"wp-block-heading\">Laureat I stopnia drugiego etapu konkursu otrzymuje dodatkowo <strong>200 punkt\u00f3w<\/strong> w post\u0119powaniu rekrutacyjnym,<br>laureat II stopnia drugiego etapu konkursu <strong>100 punkt\u00f3w<\/strong>, natomiast laureat III stopnia drugiego etapu konkursu otrzymuje dodatkowo <strong>60 punkt\u00f3w<\/strong> w post\u0119powaniu rekrutacyjnym.<\/h4>\n","protected":false},"excerpt":{"rendered":"<p>Ile punkt\u00f3w otrzymuj\u0105 poszczeg\u00f3lni laureaci? Laureat I stopnia drugiego etapu konkursu otrzymuje dodatkowo 200 punkt\u00f3w w post\u0119powaniu rekrutacyjnym,laureat II stopnia drugiego etapu konkursu 100 punkt\u00f3w, natomiast laureat III stopnia drugiego etapu konkursu otrzymuje dodatkowo 60 punkt\u00f3w w post\u0119powaniu rekrutacyjnym.<\/p>\n","protected":false},"author":1,"featured_media":0,"parent":0,"menu_order":0,"comment_status":"closed","ping_status":"closed","template":"","meta":{"footnotes":""},"class_list":["post-321","page","type-page","status-publish","hentry"],"_links":{"self":[{"href":"https:\/\/indeks.pk.edu.pl\/index.php?rest_route=\/wp\/v2\/pages\/321","targetHints":{"allow":["GET"]}}],"collection":[{"href":"https:\/\/indeks.pk.edu.pl\/index.php?rest_route=\/wp\/v2\/pages"}],"about":[{"href":"https:\/\/indeks.pk.edu.pl\/index.php?rest_route=\/wp\/v2\/types\/page"}],"author":[{"embeddable":true,"href":"https:\/\/indeks.pk.edu.pl\/index.php?rest_route=\/wp\/v2\/users\/1"}],"replies":[{"embeddable":true,"href":"https:\/\/indeks.pk.edu.pl\/index.php?rest_route=%2Fwp%2Fv2%2Fcomments&post=321"}],"version-history":[{"count":1,"href":"https:\/\/indeks.pk.edu.pl\/index.php?rest_route=\/wp\/v2\/pages\/321\/revisions"}],"predecessor-version":[{"id":322,"href":"https:\/\/indeks.pk.edu.pl\/index.php?rest_route=\/wp\/v2\/pages\/321\/revisions\/322"}],"wp:attachment":[{"href":"https:\/\/indeks.pk.edu.pl\/index.php?rest_route=%2Fwp%2Fv2%2Fmedia&parent=321"}],"curies":[{"name":"wp","href":"https:\/\/api.w.org\/{rel}","templated":true}]}}