{"id":494,"date":"2026-01-27T09:13:51","date_gmt":"2026-01-27T08:13:51","guid":{"rendered":"https:\/\/indeks.pk.edu.pl\/?page_id=494"},"modified":"2026-03-03T12:56:53","modified_gmt":"2026-03-03T11:56:53","slug":"strona-glowna","status":"publish","type":"page","link":"https:\/\/indeks.pk.edu.pl\/","title":{"rendered":"Strona G\u0142\u00f3wna"},"content":{"rendered":"<div  id=\"latest_news-1\" class=\"blog-section blog-section-standard content-section content-section-spacing\" style=\"background-color: #f5fafd;\" data-label=\"Latest-news\" data-id=\"latest_news--1\" data-export-id=\"blog-section\" data-category=\"latest_news\">\n<div  class=\"gridContainer\">\n<div  class=\"row\">\n<div  data-type=\"row\" data-dynamic-columns=\"handled\" data-content-shortcode=\"mesmerize_latest_news\">\t\t<div class=\"row center-sm content-left-sm\">\n\t\t\t\t\t<div id=\"post-512\" class=\"col-sm-6 col-md-4 space-bottom space-bottom-xs\">\n\t\t\t\t<div class=\"post-content card y-move bordered\">\n\t\t\t\t\t<div class=\"post-thumbnail\">\n   <a href=\"https:\/\/indeks.pk.edu.pl\/?p=512\" class=\"post-list-item-thumb \">\n      \n            <svg class=\"mesmerize-post-list-item-thumb-placeholder\" width=\"890\" height=\"580\" viewBox=\"0 0 890 580\"\n         preserveAspectRatio=\"none\">\n         <rect width=\"890\" height=\"580\" style=\"fill:#FF9800;\"><\/rect>\n      <\/svg>\n               <\/a>\n<\/div>\n\t\t\t\t\t<div class=\"col-padding col-padding-xs\">\n\t\t\t\t\t\t<h3 class=\"post-title space-bottom-small\">\n\t\t\t\t\t\t\t<a href=\"https:\/\/indeks.pk.edu.pl\/?p=512\" rel=\"bookmark\">\n\t\t\t\t\t\t\t\tUroczyste Rozdanie Dyplom\u00f3w\t\t\t\t\t\t\t<\/a>\n\t\t\t\t\t\t<\/h3>\n\t\t\t\t\t\t<p>Serdecznie zapraszamy Laureat\u00f3w XI edycji konkursu \u201eO Z\u0142oty Indeks PK\u201dna Uroczyste Rozdanie Dyplom\u00f3w, kt\u00f3re odb\u0119dzie si\u0119 w Pawilonie Konferencyjno-Wystawowym \u201eKot\u0142ownia\u201dw dniu 17 kwietnia 2026 r. (pi\u0105tek), &nbsp;o godzinie 11.00. Prosimy[&hellip;]<\/p>\n\t\t\t\t\t\t<a class=\"read-more link\" href=\"https:\/\/indeks.pk.edu.pl\/?p=512\">\n\t\t\t\t\t\t\tRead more\t\t\t\t\t\t<\/a>\n\t\t\t\t\t<\/div>\n\t\t\t\t<\/div>\n\t\t\t<\/div>\n\t\t\t\t<\/div>\n\t<\/div>\n<\/div>\n<div  class=\"row\">\n<div  class=\"text-center\"><a  class=\"button color1\" href=\"https:\/\/indeks.pk.edu.pl\/?post_type=post\" data-attr-shortcode=\"href:mesmerize_blog_link\">SEE ALL BLOG POSTS<\/a><\/div>\n<\/div>\n<\/div>\n<\/div><p ><\/p>","protected":false},"excerpt":{"rendered":"<p>SEE ALL BLOG POSTS<\/p>\n","protected":false},"author":2,"featured_media":0,"parent":0,"menu_order":0,"comment_status":"closed","ping_status":"closed","template":"page-templates\/homepage.php","meta":{"footnotes":""},"class_list":["post-494","page","type-page","status-publish","hentry"],"_links":{"self":[{"href":"https:\/\/indeks.pk.edu.pl\/index.php?rest_route=\/wp\/v2\/pages\/494","targetHints":{"allow":["GET"]}}],"collection":[{"href":"https:\/\/indeks.pk.edu.pl\/index.php?rest_route=\/wp\/v2\/pages"}],"about":[{"href":"https:\/\/indeks.pk.edu.pl\/index.php?rest_route=\/wp\/v2\/types\/page"}],"author":[{"embeddable":true,"href":"https:\/\/indeks.pk.edu.pl\/index.php?rest_route=\/wp\/v2\/users\/2"}],"replies":[{"embeddable":true,"href":"https:\/\/indeks.pk.edu.pl\/index.php?rest_route=%2Fwp%2Fv2%2Fcomments&post=494"}],"version-history":[{"count":8,"href":"https:\/\/indeks.pk.edu.pl\/index.php?rest_route=\/wp\/v2\/pages\/494\/revisions"}],"predecessor-version":[{"id":515,"href":"https:\/\/indeks.pk.edu.pl\/index.php?rest_route=\/wp\/v2\/pages\/494\/revisions\/515"}],"wp:attachment":[{"href":"https:\/\/indeks.pk.edu.pl\/index.php?rest_route=%2Fwp%2Fv2%2Fmedia&parent=494"}],"curies":[{"name":"wp","href":"https:\/\/api.w.org\/{rel}","templated":true}]}}